{"id":395,"date":"2024-08-16T07:53:44","date_gmt":"2024-08-16T07:53:44","guid":{"rendered":"https:\/\/drakinsahin.com\/cheek-reduction\/"},"modified":"2026-03-31T15:40:04","modified_gmt":"2026-03-31T15:40:04","slug":"cheek-reduction","status":"publish","type":"page","link":"https:\/\/drakinsahin.com\/en\/cheek-reduction\/","title":{"rendered":"Bichectomy- Buccal Fat Removal"},"content":{"rendered":"\t\t<div data-elementor-type=\"wp-page\" data-elementor-id=\"395\" class=\"elementor elementor-395\" data-elementor-post-type=\"page\">\n\t\t\t\t<div class=\"elementor-element elementor-element-928b81f e-con-full e-flex e-con e-parent\" data-id=\"928b81f\" data-element_type=\"container\" data-e-type=\"container\">\n\t\t\t\t<div class=\"elementor-element elementor-element-3b24db0 elementor-widget elementor-widget-heading\" data-id=\"3b24db0\" data-element_type=\"widget\" data-e-type=\"widget\" data-widget_type=\"heading.default\">\n\t\t\t\t<div class=\"elementor-widget-container\">\n\t\t\t\t\t<h1 class=\"elementor-heading-title elementor-size-default\">Bi\u015fektomi, Kal\u0131c\u0131 Yanak \u0130nceltme Esteti\u011fi, Yanak \u0130nceltme Fiyatlar\u0131 2026\n<\/h1>\t\t\t\t<\/div>\n\t\t\t\t<\/div>\n\t\t\t\t<div class=\"elementor-element elementor-element-336b1df elementor-widget elementor-widget-text-editor\" data-id=\"336b1df\" data-element_type=\"widget\" data-e-type=\"widget\" data-widget_type=\"text-editor.default\">\n\t\t\t\t<div class=\"elementor-widget-container\">\n\t\t\t\t\t\t\t\t\t<p>Yanak esteti\u011fi olarak da bilinen bi\u015fektomi ameliyat\u0131, y\u00fcz hatlar\u0131n\u0131n belirginle\u015fmesini sa\u011flayan estetik bir i\u015flemdir. Genellikle lokal anestezi ile yanak b\u00f6lgesindeki fazla ya\u011f dokusu al\u0131narak elmac\u0131k kemikleri ve \u00e7ene hatlar\u0131n\u0131n belirginle\u015fmesi sa\u011flan\u0131r. Bi\u015fektomi ameliyat\u0131 keskin y\u00fcz hatlar\u0131n\u0131n olu\u015fmas\u0131 ve yanak b\u00f6lgesinin incelmesi amac\u0131 ile ger\u00e7ekle\u015ftirilen bir i\u015flemdir.\u00a0<\/p>\t\t\t\t\t\t\t\t<\/div>\n\t\t\t\t<\/div>\n\t\t\t\t<\/div>\n\t\t<div class=\"elementor-element elementor-element-94a4954 e-flex e-con-boxed e-con e-parent\" data-id=\"94a4954\" data-element_type=\"container\" data-e-type=\"container\">\n\t\t\t\t\t<div class=\"e-con-inner\">\n\t\t\t\t<div class=\"elementor-element elementor-element-e4bcc07 elementor-skin-carousel elementor-arrows-yes elementor-pagination-type-bullets elementor-pagination-position-outside elementor-widget elementor-widget-media-carousel\" data-id=\"e4bcc07\" data-element_type=\"widget\" data-e-type=\"widget\" data-settings=\"{&quot;skin&quot;:&quot;carousel&quot;,&quot;effect&quot;:&quot;slide&quot;,&quot;show_arrows&quot;:&quot;yes&quot;,&quot;pagination&quot;:&quot;bullets&quot;,&quot;speed&quot;:500,&quot;autoplay&quot;:&quot;yes&quot;,&quot;autoplay_speed&quot;:5000,&quot;loop&quot;:&quot;yes&quot;,&quot;pause_on_hover&quot;:&quot;yes&quot;,&quot;pause_on_interaction&quot;:&quot;yes&quot;,&quot;space_between&quot;:{&quot;unit&quot;:&quot;px&quot;,&quot;size&quot;:10,&quot;sizes&quot;:[]},&quot;space_between_tablet&quot;:{&quot;unit&quot;:&quot;px&quot;,&quot;size&quot;:10,&quot;sizes&quot;:[]},&quot;space_between_mobile&quot;:{&quot;unit&quot;:&quot;px&quot;,&quot;size&quot;:10,&quot;sizes&quot;:[]}}\" data-widget_type=\"media-carousel.default\">\n\t\t\t\t<div class=\"elementor-widget-container\">\n\t\t\t\t\t\t\t\t\t<div class=\"elementor-swiper\">\n\t\t\t\t\t<div class=\"elementor-main-swiper swiper\" role=\"region\" aria-roledescription=\"carousel\" aria-label=\"Slides\">\n\t\t\t\t<div class=\"swiper-wrapper\">\n\t\t\t\t\t\t\t\t\t\t\t<div class=\"swiper-slide\" role=\"group\" aria-roledescription=\"slide\">\n\t\t\t\t\t\t\t\t\t<div class=\"elementor-carousel-image\" role=\"img\" aria-label=\"g\u0131d\u0131 ald\u0131rma\" style=\"background-image: url(&#039;https:\/\/drakinsahin.com\/wp-content\/uploads\/2025\/10\/IMG_1253.jpg&#039;)\">\n\n\t\t\t\n\t\t\t\t\t<\/div>\n\t\t\t\t\t\t\t\t<\/div>\n\t\t\t\t\t\t\t\t\t\t\t<div class=\"swiper-slide\" role=\"group\" aria-roledescription=\"slide\">\n\t\t\t\t\t\t\t\t\t<div class=\"elementor-carousel-image\" role=\"img\" aria-label=\"bi\u015fektomi \u00f6ncesi sonras\u0131\" style=\"background-image: url(&#039;https:\/\/drakinsahin.com\/wp-content\/uploads\/2025\/10\/IMG_1227-2.jpg&#039;)\">\n\n\t\t\t\n\t\t\t\t\t<\/div>\n\t\t\t\t\t\t\t\t<\/div>\n\t\t\t\t\t\t\t\t\t\t\t<div class=\"swiper-slide\" role=\"group\" aria-roledescription=\"slide\">\n\t\t\t\t\t\t\t\t\t<div class=\"elementor-carousel-image\" role=\"img\" aria-label=\"bi\u015fektomi \u00f6ncesi sonras\u0131\" style=\"background-image: url(&#039;https:\/\/drakinsahin.com\/wp-content\/uploads\/2025\/10\/IMG_1237.jpg&#039;)\">\n\n\t\t\t\n\t\t\t\t\t<\/div>\n\t\t\t\t\t\t\t\t<\/div>\n\t\t\t\t\t\t\t\t\t\t\t<div class=\"swiper-slide\" role=\"group\" aria-roledescription=\"slide\">\n\t\t\t\t\t\t\t\t\t<div class=\"elementor-carousel-image\" role=\"img\" aria-label=\"bi\u015fektomi fiyatlar\u0131 2026\" style=\"background-image: url(&#039;https:\/\/drakinsahin.com\/wp-content\/uploads\/2025\/10\/IMG_1239.jpg&#039;)\">\n\n\t\t\t\n\t\t\t\t\t<\/div>\n\t\t\t\t\t\t\t\t<\/div>\n\t\t\t\t\t\t\t\t\t\t\t<div class=\"swiper-slide\" role=\"group\" aria-roledescription=\"slide\">\n\t\t\t\t\t\t\t\t\t<div class=\"elementor-carousel-image\" role=\"img\" aria-label=\"Screenshot\" style=\"background-image: url(&#039;https:\/\/drakinsahin.com\/wp-content\/uploads\/2025\/10\/IMG_1229.jpg&#039;)\">\n\n\t\t\t\n\t\t\t\t\t<\/div>\n\t\t\t\t\t\t\t\t<\/div>\n\t\t\t\t\t\t\t\t\t<\/div>\n\t\t\t\t\t\t\t\t\t\t\t\t\t\t\t<div class=\"elementor-swiper-button elementor-swiper-button-prev\" role=\"button\" tabindex=\"0\" aria-label=\"Previous\">\n\t\t\t\t\t\t\t<svg aria-hidden=\"true\" class=\"e-font-icon-svg e-eicon-chevron-left\" viewBox=\"0 0 1000 1000\" xmlns=\"http:\/\/www.w3.org\/2000\/svg\"><path d=\"M646 125C629 125 613 133 604 142L308 442C296 454 292 471 292 487 292 504 296 521 308 533L604 854C617 867 629 875 646 875 663 875 679 871 692 858 704 846 713 829 713 812 713 796 708 779 692 767L438 487 692 225C700 217 708 204 708 187 708 171 704 154 692 142 675 129 663 125 646 125Z\"><\/path><\/svg>\t\t\t\t\t\t<\/div>\n\t\t\t\t\t\t<div class=\"elementor-swiper-button elementor-swiper-button-next\" role=\"button\" tabindex=\"0\" aria-label=\"Next\">\n\t\t\t\t\t\t\t<svg aria-hidden=\"true\" class=\"e-font-icon-svg e-eicon-chevron-right\" viewBox=\"0 0 1000 1000\" xmlns=\"http:\/\/www.w3.org\/2000\/svg\"><path d=\"M696 533C708 521 713 504 713 487 713 471 708 454 696 446L400 146C388 133 375 125 354 125 338 125 325 129 313 142 300 154 292 171 292 187 292 204 296 221 308 233L563 492 304 771C292 783 288 800 288 817 288 833 296 850 308 863 321 871 338 875 354 875 371 875 388 867 400 854L696 533Z\"><\/path><\/svg>\t\t\t\t\t\t<\/div>\n\t\t\t\t\t\t\t\t\t\t\t\t\t\t\t\t<div class=\"swiper-pagination\"><\/div>\n\t\t\t\t\t\t\t\t\t\t\t\t<\/div>\n\t\t\t\t<\/div>\n\t\t\t\t\t\t\t\t<\/div>\n\t\t\t\t<\/div>\n\t\t\t\t\t<\/div>\n\t\t\t\t<\/div>\n\t\t<div class=\"elementor-element elementor-element-03cb274 e-con-full e-flex e-con e-parent\" data-id=\"03cb274\" data-element_type=\"container\" data-e-type=\"container\">\n\t\t<div class=\"elementor-element elementor-element-fb7610a e-con-full e-flex e-con e-child\" data-id=\"fb7610a\" data-element_type=\"container\" data-e-type=\"container\">\n\t\t\t\t<div class=\"elementor-element elementor-element-20dac3b elementor-widget elementor-widget-text-editor\" data-id=\"20dac3b\" data-element_type=\"widget\" data-e-type=\"widget\" data-widget_type=\"text-editor.default\">\n\t\t\t\t<div class=\"elementor-widget-container\">\n\t\t\t\t\t\t\t\t\t<h2>Cheek Reduction: Achieve Aesthetic Appearance by Slimming Your Facial Features<\/h2>\nThe fact that the cheeks are significantly fuller than the general contours of the face may cause aesthetic concerns for some people. This can make the face appear wider than it is and make it difficult to create a defined jawline. Cheek reduction is a plastic surgery procedure applied to make facial contours thinner and more prominent.\n<h2>What is Cheek Reduction?<\/h2>\nCheek reduction surgery, medically known as bichectomy, is the surgical removal of excess fat tissue in the cheek area. This surgery aims to make facial contours sharper and more aesthetic. A bichectomy allows the fullness of the lower part of the face to be reduced and a slimmer, more defined facial line to be achieved.\n<h2>How is Cheek Reduction Surgery Performed?<\/h2>\nBichectomy surgery is usually performed under local anesthesia. The surgeon makes a small incision through the mouth and removes excess fat tissue in the cheek area. Since this procedure is performed through the mouth, there is no scar visible from the outside after surgery. The surgery usually takes 30-45 minutes and the patient can be discharged the same day.\n<h2>Who is Cheek Reduction Suitable for?<\/h2>\nCheek reduction surgery is suitable for people with excessive fullness in the cheek area who want to make their facial features thinner and sharper. This procedure is usually performed in individuals who are over 18 years of age and have completed facial development. Before the operation, the general health status of the person is evaluated and it is decided whether the person is suitable for surgery.\n<h2>Postoperative Recovery Process<\/h2>\nThe healing process after cheek reduction surgery is usually fast. There may be mild swelling and pain for the first few days, but this will go away over time. Patients can usually return to their daily activities within a few days. Paying attention to oral hygiene in the postoperative period accelerates the healing process. Also, applying cold compresses as recommended by your surgeon can help reduce swelling faster.\n<h2>Results and Persistence<\/h2>\nThe results of bichectomy surgery are usually permanent. Since the excess fat tissue in the cheeks is removed, the facial features become thinner and more prominent. This procedure positively affects the overall aesthetics of the face and slims the appearance of the person. However, maintaining a healthy lifestyle after surgery is important for the permanence of the results obtained.\n<h2>Aesthetic and Psychological Benefits<\/h2>\nCheek reduction surgery not only improves physical appearance, but also boosts self-confidence. Slimmer and more defined facial features improve the overall aesthetic appearance of the person and positively affect their social life. This procedure is an ideal solution for individuals with aesthetic concerns.\n\nCheek reduction surgery is an excellent option for those who want to achieve a more aesthetic and distinct appearance by thinning their facial features. This procedure improves the overall expression of the face and gives the person a more elegant appearance. You can contact us for more information about cheek reduction and to create a customized treatment plan for you.\t\t\t\t\t\t\t\t<\/div>\n\t\t\t\t<\/div>\n\t\t<div class=\"elementor-element elementor-element-3e6a814 e-con-full e-flex e-con e-child\" data-id=\"3e6a814\" data-element_type=\"container\" data-e-type=\"container\">\n\t\t\t\t<\/div>\n\t\t\t\t<\/div>\n\t\t\t\t<\/div>\n\t\t\t\t<\/div>\n\t\t","protected":false},"excerpt":{"rendered":"<p>Bi\u015fektomi, Kal\u0131c\u0131 Yanak \u0130nceltme Esteti\u011fi, Yanak \u0130nceltme Fiyatlar\u0131 2026 Yanak esteti\u011fi olarak da bilinen bi\u015fektomi ameliyat\u0131, y\u00fcz hatlar\u0131n\u0131n belirginle\u015fmesini sa\u011flayan estetik bir i\u015flemdir. Genellikle lokal anestezi ile yanak b\u00f6lgesindeki fazla ya\u011f dokusu al\u0131narak elmac\u0131k kemikleri ve \u00e7ene hatlar\u0131n\u0131n belirginle\u015fmesi sa\u011flan\u0131r. Bi\u015fektomi ameliyat\u0131 keskin y\u00fcz hatlar\u0131n\u0131n olu\u015fmas\u0131 ve yanak b\u00f6lgesinin incelmesi amac\u0131 ile ger\u00e7ekle\u015ftirilen bir i\u015flemdir.\u00a0 [&hellip;]<\/p>\n","protected":false},"author":1,"featured_media":0,"parent":0,"menu_order":0,"comment_status":"closed","ping_status":"closed","template":"","meta":{"footnotes":""},"class_list":["post-395","page","type-page","status-publish","hentry"],"_links":{"self":[{"href":"https:\/\/drakinsahin.com\/en\/wp-json\/wp\/v2\/pages\/395","targetHints":{"allow":["GET"]}}],"collection":[{"href":"https:\/\/drakinsahin.com\/en\/wp-json\/wp\/v2\/pages"}],"about":[{"href":"https:\/\/drakinsahin.com\/en\/wp-json\/wp\/v2\/types\/page"}],"author":[{"embeddable":true,"href":"https:\/\/drakinsahin.com\/en\/wp-json\/wp\/v2\/users\/1"}],"replies":[{"embeddable":true,"href":"https:\/\/drakinsahin.com\/en\/wp-json\/wp\/v2\/comments?post=395"}],"version-history":[{"count":21,"href":"https:\/\/drakinsahin.com\/en\/wp-json\/wp\/v2\/pages\/395\/revisions"}],"predecessor-version":[{"id":5079,"href":"https:\/\/drakinsahin.com\/en\/wp-json\/wp\/v2\/pages\/395\/revisions\/5079"}],"wp:attachment":[{"href":"https:\/\/drakinsahin.com\/en\/wp-json\/wp\/v2\/media?parent=395"}],"curies":[{"name":"wp","href":"https:\/\/api.w.org\/{rel}","templated":true}]}}