{"id":387,"date":"2024-08-16T07:52:50","date_gmt":"2024-08-16T07:52:50","guid":{"rendered":"https:\/\/drakinsahin.com\/prominent-ear-aesthetics\/"},"modified":"2026-04-01T07:34:30","modified_gmt":"2026-04-01T07:34:30","slug":"prominent-ear-aesthetics","status":"publish","type":"page","link":"https:\/\/drakinsahin.com\/en\/prominent-ear-aesthetics\/","title":{"rendered":"Otoplasty &#8211; Prominent Ear Aesthetics"},"content":{"rendered":"\t\t<div data-elementor-type=\"wp-page\" data-elementor-id=\"387\" class=\"elementor elementor-387\" data-elementor-post-type=\"page\">\n\t\t\t\t<div class=\"elementor-element elementor-element-03ded88 e-flex e-con-boxed e-con e-parent\" data-id=\"03ded88\" data-element_type=\"container\" data-e-type=\"container\">\n\t\t\t\t\t<div class=\"e-con-inner\">\n\t\t\t\t<div class=\"elementor-element elementor-element-7611281 elementor-widget elementor-widget-heading\" data-id=\"7611281\" data-element_type=\"widget\" data-e-type=\"widget\" data-widget_type=\"heading.default\">\n\t\t\t\t<div class=\"elementor-widget-container\">\n\t\t\t\t\t<h1 class=\"elementor-heading-title elementor-size-default\">Prominent Ear Aesthetics<\/h1>\t\t\t\t<\/div>\n\t\t\t\t<\/div>\n\t\t\t\t\t<\/div>\n\t\t\t\t<\/div>\n\t\t<div class=\"elementor-element elementor-element-c2f6068 e-flex e-con-boxed e-con e-parent\" data-id=\"c2f6068\" data-element_type=\"container\" data-e-type=\"container\">\n\t\t\t\t\t<div class=\"e-con-inner\">\n\t\t\t\t<div class=\"elementor-element elementor-element-d9659f2 elementor-skin-carousel elementor-arrows-yes elementor-pagination-type-bullets elementor-pagination-position-outside elementor-widget elementor-widget-media-carousel\" data-id=\"d9659f2\" data-element_type=\"widget\" data-e-type=\"widget\" data-settings=\"{&quot;skin&quot;:&quot;carousel&quot;,&quot;effect&quot;:&quot;slide&quot;,&quot;show_arrows&quot;:&quot;yes&quot;,&quot;pagination&quot;:&quot;bullets&quot;,&quot;speed&quot;:500,&quot;autoplay&quot;:&quot;yes&quot;,&quot;autoplay_speed&quot;:5000,&quot;loop&quot;:&quot;yes&quot;,&quot;pause_on_hover&quot;:&quot;yes&quot;,&quot;pause_on_interaction&quot;:&quot;yes&quot;,&quot;space_between&quot;:{&quot;unit&quot;:&quot;px&quot;,&quot;size&quot;:10,&quot;sizes&quot;:[]},&quot;space_between_tablet&quot;:{&quot;unit&quot;:&quot;px&quot;,&quot;size&quot;:10,&quot;sizes&quot;:[]},&quot;space_between_mobile&quot;:{&quot;unit&quot;:&quot;px&quot;,&quot;size&quot;:10,&quot;sizes&quot;:[]}}\" data-widget_type=\"media-carousel.default\">\n\t\t\t\t<div class=\"elementor-widget-container\">\n\t\t\t\t\t\t\t\t\t<div class=\"elementor-swiper\">\n\t\t\t\t\t<div class=\"elementor-main-swiper swiper\" role=\"region\" aria-roledescription=\"carousel\" aria-label=\"Slides\">\n\t\t\t\t<div class=\"swiper-wrapper\">\n\t\t\t\t\t\t\t\t\t\t\t<div class=\"swiper-slide\" role=\"group\" aria-roledescription=\"slide\">\n\t\t\t\t\t\t\t\t\t<div class=\"elementor-carousel-image\" role=\"img\" aria-label=\"otoplasti\" style=\"background-image: url(&#039;https:\/\/drakinsahin.com\/wp-content\/uploads\/2025\/10\/IMG_1254.jpg&#039;)\">\n\n\t\t\t\n\t\t\t\t\t<\/div>\n\t\t\t\t\t\t\t\t<\/div>\n\t\t\t\t\t\t\t\t\t\t\t<div class=\"swiper-slide\" role=\"group\" aria-roledescription=\"slide\">\n\t\t\t\t\t\t\t\t\t<div class=\"elementor-carousel-image\" role=\"img\" aria-label=\"kep\u00e7e kulak ameliyat\u0131 fiyat\" style=\"background-image: url(&#039;https:\/\/drakinsahin.com\/wp-content\/uploads\/2025\/10\/IMG_1259.jpg&#039;)\">\n\n\t\t\t\n\t\t\t\t\t<\/div>\n\t\t\t\t\t\t\t\t<\/div>\n\t\t\t\t\t\t\t\t\t\t\t<div class=\"swiper-slide\" role=\"group\" aria-roledescription=\"slide\">\n\t\t\t\t\t\t\t\t\t<div class=\"elementor-carousel-image\" role=\"img\" aria-label=\"otoplasti fiyat\" style=\"background-image: url(&#039;https:\/\/drakinsahin.com\/wp-content\/uploads\/2025\/10\/IMG_1261.jpg&#039;)\">\n\n\t\t\t\n\t\t\t\t\t<\/div>\n\t\t\t\t\t\t\t\t<\/div>\n\t\t\t\t\t\t\t\t\t<\/div>\n\t\t\t\t\t\t\t\t\t\t\t\t\t\t\t<div class=\"elementor-swiper-button elementor-swiper-button-prev\" role=\"button\" tabindex=\"0\" aria-label=\"Previous\">\n\t\t\t\t\t\t\t<svg aria-hidden=\"true\" class=\"e-font-icon-svg e-eicon-chevron-left\" viewBox=\"0 0 1000 1000\" xmlns=\"http:\/\/www.w3.org\/2000\/svg\"><path d=\"M646 125C629 125 613 133 604 142L308 442C296 454 292 471 292 487 292 504 296 521 308 533L604 854C617 867 629 875 646 875 663 875 679 871 692 858 704 846 713 829 713 812 713 796 708 779 692 767L438 487 692 225C700 217 708 204 708 187 708 171 704 154 692 142 675 129 663 125 646 125Z\"><\/path><\/svg>\t\t\t\t\t\t<\/div>\n\t\t\t\t\t\t<div class=\"elementor-swiper-button elementor-swiper-button-next\" role=\"button\" tabindex=\"0\" aria-label=\"Next\">\n\t\t\t\t\t\t\t<svg aria-hidden=\"true\" class=\"e-font-icon-svg e-eicon-chevron-right\" viewBox=\"0 0 1000 1000\" xmlns=\"http:\/\/www.w3.org\/2000\/svg\"><path d=\"M696 533C708 521 713 504 713 487 713 471 708 454 696 446L400 146C388 133 375 125 354 125 338 125 325 129 313 142 300 154 292 171 292 187 292 204 296 221 308 233L563 492 304 771C292 783 288 800 288 817 288 833 296 850 308 863 321 871 338 875 354 875 371 875 388 867 400 854L696 533Z\"><\/path><\/svg>\t\t\t\t\t\t<\/div>\n\t\t\t\t\t\t\t\t\t\t\t\t\t\t\t\t<div class=\"swiper-pagination\"><\/div>\n\t\t\t\t\t\t\t\t\t\t\t\t<\/div>\n\t\t\t\t<\/div>\n\t\t\t\t\t\t\t\t<\/div>\n\t\t\t\t<\/div>\n\t\t\t\t\t<\/div>\n\t\t\t\t<\/div>\n\t\t<div class=\"elementor-element elementor-element-aecb245 e-con-full e-flex e-con e-parent\" data-id=\"aecb245\" data-element_type=\"container\" data-e-type=\"container\">\n\t\t<div class=\"elementor-element elementor-element-a3b9ed5 e-con-full e-flex e-con e-child\" data-id=\"a3b9ed5\" data-element_type=\"container\" data-e-type=\"container\">\n\t\t\t\t<div class=\"elementor-element elementor-element-37efafe elementor-widget elementor-widget-text-editor\" data-id=\"37efafe\" data-element_type=\"widget\" data-e-type=\"widget\" data-widget_type=\"text-editor.default\">\n\t\t\t\t<div class=\"elementor-widget-container\">\n\t\t\t\t\t\t\t\t\t<h2><span style=\"color: #136d7d;\" data-start=\"320\" data-end=\"391\"><b>Kep\u00e7e Kulak Esteti\u011fi Nedir? Kimlere Uygulan\u0131r? | 2026 G\u00fcncel Rehber<\/b><\/span><\/h2><p data-start=\"393\" data-end=\"794\"><strong>Kep\u00e7e kulak esteti\u011f<\/strong>i, t\u0131ptaki ad\u0131yla <strong data-start=\"430\" data-end=\"443\">otoplasti<\/strong>, kulaklar\u0131n kafa ile yapt\u0131\u011f\u0131 a\u00e7\u0131 fazla oldu\u011funda uygulanan bir estetik i\u015flemdir. \u00d6zellikle kulaklar\u0131n \u00f6nden veya yandan bak\u0131ld\u0131\u011f\u0131nda belirgin \u015fekilde d\u0131\u015far\u0131 do\u011fru g\u00f6r\u00fcnmesi bir\u00e7ok ki\u015fi i\u00e7in \u00f6zg\u00fcven kayb\u0131na yol a\u00e7abilir. Bu nedenle kep\u00e7e kulak esteti\u011fi, hem yeti\u015fkinler hem de \u00e7ocuklar aras\u0131nda olduk\u00e7a yayg\u0131n ve kal\u0131c\u0131 \u00e7\u00f6z\u00fcmler sunan bir m\u00fcdahaledir.<\/p><p data-start=\"796\" data-end=\"1095\">Bu kapsaml\u0131 rehberde, kep\u00e7e kulak esteti\u011fi hakk\u0131nda en merak edilen konular\u0131; ameliyat\u0131n nas\u0131l yap\u0131ld\u0131\u011f\u0131ndan iyile\u015fme s\u00fcrecine, avantajlar\u0131ndan s\u0131k sorulan sorulara kadar detayl\u0131 bir \u015fekilde ele al\u0131yoruz.\u00a0<\/p>\t\t\t\t\t\t\t\t<\/div>\n\t\t\t\t<\/div>\n\t\t\t\t<div class=\"elementor-element elementor-element-4ef46764 elementor-widget elementor-widget-text-editor\" data-id=\"4ef46764\" data-element_type=\"widget\" data-e-type=\"widget\" data-widget_type=\"text-editor.default\">\n\t\t\t\t<div class=\"elementor-widget-container\">\n\t\t\t\t\t\t\t\t\t<h2>Prominent Ear Aesthetics: For Aesthetics and Self-Confidence<\/h2>\nProminent ear describes a condition in which the ears are protruding outwards rather than close to the head. This condition can be the subject of ridicule of others, especially during childhood, and can negatively affect the self-confidence of the individual. Prominent ear aesthetics is a surgical procedure applied to solve this problem and give the ears a more aesthetic appearance.  \n<h2>What is Prominent Ear Aesthetics?<\/h2>\nProminent ear aesthetics, medically known as otoplasty, is a surgery performed to bring the ears closer to the head. This procedure is performed by reshaping the cartilage structure in the auricle. Otoplasty allows the ears to naturally move closer to the head and aims to make the ears look more symmetrical and aesthetic.  \n<h2>How is Prominent Ear Aesthetics Performed?<\/h2>\nProminent ear aesthetics is an operation usually performed under local anesthesia. General anesthesia may also be preferred in children. The surgeon makes a small incision behind the ear and accesses the cartilage tissue. The cartilage is reshaped and fixed in a position closer to the head. Since the incisions are made behind the ear, postoperative scars are not visible from the outside. The procedure usually takes 1-2 hours and the patient can be discharged the same day.     \n<h2>Who is Prominent Ear Aesthetics Suitable for?<\/h2>\nProminent ear aesthetics is suitable for individuals of all ages who are uncomfortable with the appearance of their ears and have self-confidence problems. In children, this surgery can usually be performed from the age of 5-6. At this age, the ear cartilage is sufficiently developed and the postoperative results are permanent. There is no age restriction for adults; this surgery can be performed successfully at any age.   \n<h2>Postoperative Recovery Process<\/h2>\nRecovery after otoplasty is usually quick and comfortable. There may be mild swelling and pain for the first few days, but these symptoms can usually be controlled with painkillers. You may need to wear a bandage to protect your ears in the postoperative period. This bandage helps the ears to maintain their new shape. Most patients can return to normal life within a week. Since the scars are at the back of the ear, they are not noticeable from the outside.     \n<h2>Results and Persistence<\/h2>\nProminent ear aesthetics offer permanent and satisfying results. After the surgery, the ears naturally sit closer to the head and harmonize with the overall aesthetics of the face. This procedure not only improves the physical appearance, but also increases the self-confidence of the individual.  \n<h2>Aesthetic and Psychological Benefits<\/h2>\nProminent ear aesthetics offers an important solution for individuals with aesthetic concerns. Individuals who experience prominent ear problems, especially during childhood, may experience a significant increase in their self-confidence after surgery. This surgery provides great benefits to the person both aesthetically and psychologically. Prominent ear aesthetics is a surgery that improves facial aesthetics by bringing the ears closer to the head. This procedure offers a permanent solution that increases self-confidence for children and adults. You can contact us for more information about prominent ear aesthetics and to create a customized treatment plan for you.  \n\n  \t\t\t\t\t\t\t\t<\/div>\n\t\t\t\t<\/div>\n\t\t\t\t<\/div>\n\t\t\t\t<\/div>\n\t\t\t\t<\/div>\n\t\t","protected":false},"excerpt":{"rendered":"<p>Prominent Ear Aesthetics Kep\u00e7e Kulak Esteti\u011fi Nedir? Kimlere Uygulan\u0131r? | 2026 G\u00fcncel Rehber Kep\u00e7e kulak esteti\u011fi, t\u0131ptaki ad\u0131yla otoplasti, kulaklar\u0131n kafa ile yapt\u0131\u011f\u0131 a\u00e7\u0131 fazla oldu\u011funda uygulanan bir estetik i\u015flemdir. \u00d6zellikle kulaklar\u0131n \u00f6nden veya yandan bak\u0131ld\u0131\u011f\u0131nda belirgin \u015fekilde d\u0131\u015far\u0131 do\u011fru g\u00f6r\u00fcnmesi bir\u00e7ok ki\u015fi i\u00e7in \u00f6zg\u00fcven kayb\u0131na yol a\u00e7abilir. Bu nedenle kep\u00e7e kulak esteti\u011fi, hem yeti\u015fkinler [&hellip;]<\/p>\n","protected":false},"author":1,"featured_media":0,"parent":0,"menu_order":0,"comment_status":"closed","ping_status":"closed","template":"","meta":{"footnotes":""},"class_list":["post-387","page","type-page","status-publish","hentry"],"_links":{"self":[{"href":"https:\/\/drakinsahin.com\/en\/wp-json\/wp\/v2\/pages\/387","targetHints":{"allow":["GET"]}}],"collection":[{"href":"https:\/\/drakinsahin.com\/en\/wp-json\/wp\/v2\/pages"}],"about":[{"href":"https:\/\/drakinsahin.com\/en\/wp-json\/wp\/v2\/types\/page"}],"author":[{"embeddable":true,"href":"https:\/\/drakinsahin.com\/en\/wp-json\/wp\/v2\/users\/1"}],"replies":[{"embeddable":true,"href":"https:\/\/drakinsahin.com\/en\/wp-json\/wp\/v2\/comments?post=387"}],"version-history":[{"count":8,"href":"https:\/\/drakinsahin.com\/en\/wp-json\/wp\/v2\/pages\/387\/revisions"}],"predecessor-version":[{"id":4322,"href":"https:\/\/drakinsahin.com\/en\/wp-json\/wp\/v2\/pages\/387\/revisions\/4322"}],"wp:attachment":[{"href":"https:\/\/drakinsahin.com\/en\/wp-json\/wp\/v2\/media?parent=387"}],"curies":[{"name":"wp","href":"https:\/\/api.w.org\/{rel}","templated":true}]}}